{"id":2193,"date":"2023-06-07T19:15:24","date_gmt":"2023-06-07T19:15:24","guid":{"rendered":"https:\/\/itsenglishwithbree.com\/accessibility-statement\/"},"modified":"2025-06-12T13:33:30","modified_gmt":"2025-06-12T13:33:30","slug":"accessibility-statement","status":"publish","type":"page","link":"https:\/\/itsenglishwithbree.com\/en\/accessibility-statement\/","title":{"rendered":"Accessibility Statement"},"content":{"rendered":"<p>[et_pb_section fb_built=&#8221;1&#8243; admin_label=&#8221;section&#8221; _builder_version=&#8221;4.16&#8243; global_colors_info=&#8221;{}&#8221;][et_pb_row admin_label=&#8221;Row&#8221; _builder_version=&#8221;4.16&#8243; background_size=&#8221;initial&#8221; background_position=&#8221;top_left&#8221; background_repeat=&#8221;repeat&#8221; global_colors_info=&#8221;{}&#8221;][et_pb_column type=&#8221;4_4&#8243; _builder_version=&#8221;4.16&#8243; custom_padding=&#8221;|||&#8221; global_colors_info=&#8221;{}&#8221; custom_padding__hover=&#8221;|||&#8221;][et_pb_text admin_label=&#8221;Text&#8221; _builder_version=&#8221;4.25.0&#8243; background_size=&#8221;initial&#8221; background_position=&#8221;top_left&#8221; background_repeat=&#8221;repeat&#8221; global_colors_info=&#8221;{}&#8221;]<\/p>\n<h1>Accessibility Statement<\/h1>\n<p>&nbsp;<\/p>\n<p>\nEl organismo\n<p data-prosemirror-content-type=\"node\" data-prosemirror-node-name=\"paragraph\" data-prosemirror-node-block=\"true\" data-pm-slice=\"1 1 []\">Bryanda Viridiana Martinez Levario, with NIF: 15487225Z has committed to making the <a href=\"https:\/\/itsenglishwithbree.com\/en\/\">https:\/\/itsenglishwithbree.com\/<\/a> website accessible in accordance with Royal Decree 1112\/2018, of 7 September, on the accessibility of websites and applications for mobile devices in the public sector.<\/p>\n<p><\/p><\/p>\n<p>\nLa presente declaraci\u00f3n de accesibilidad se aplica al sitio web\u00a0 https:\/\/itsenglishwithbree.com\/\u00a0. Este sitio web es plenamente conforme con RD 1112\/2018.\n<p><\/p><\/p>\n<p>\nLa presente declaraci\u00f3n fue preparada el 11 de Julio de 2024. El m\u00e9todo empleado para preparar la declaraci\u00f3n ha sido una autoevaluaci\u00f3n llevada a cabo por el propio organismo.\n<p><\/p><\/p>\n<p>\n\u00daltima revisi\u00f3n de la declaraci\u00f3n: 20 de Marzo de 2025.\n<p><\/p><\/p>\n<p>[\/et_pb_text][\/et_pb_column][\/et_pb_row][\/et_pb_section]<\/p>\n","protected":false},"excerpt":{"rendered":"<p>Accessibility Statement &nbsp; El organismo Bryanda Viridiana Martinez Levario, with NIF: 15487225Z has committed to making the https:\/\/itsenglishwithbree.com\/ website accessible in accordance with Royal Decree 1112\/2018, of 7 September, on the accessibility of websites and applications for mobile devices in the public sector. La presente declaraci\u00f3n de accesibilidad se aplica al sitio web\u00a0 https:\/\/itsenglishwithbree.com\/\u00a0. Este sitio web es plenamente conforme con RD 1112\/2018. La presente declaraci\u00f3n fue preparada el 11 de Julio de 2024. El m\u00e9todo empleado para preparar la declaraci\u00f3n ha sido una autoevaluaci\u00f3n llevada a cabo por el propio organismo. \u00daltima revisi\u00f3n de la declaraci\u00f3n: 20 de Marzo de 2025.<\/p>\n","protected":false},"author":2,"featured_media":0,"parent":0,"menu_order":0,"comment_status":"closed","ping_status":"closed","template":"","meta":{"_et_pb_use_builder":"on","_et_pb_old_content":"","_et_gb_content_width":"","_joinchat":[],"footnotes":""},"class_list":["post-2193","page","type-page","status-publish","hentry"],"yoast_head":"<!-- This site is optimized with the Yoast SEO plugin v26.9 - https:\/\/yoast.com\/product\/yoast-seo-wordpress\/ -->\n<title>Accessibility Statement | English with Bree<\/title>\n<meta name=\"robots\" content=\"index, follow, max-snippet:-1, max-image-preview:large, max-video-preview:-1\" \/>\n<link rel=\"canonical\" href=\"https:\/\/itsenglishwithbree.com\/en\/accessibility-statement\/\" \/>\n<meta property=\"og:locale\" content=\"en_US\" \/>\n<meta property=\"og:type\" content=\"article\" \/>\n<meta property=\"og:title\" content=\"Accessibility Statement | English with Bree\" \/>\n<meta property=\"og:description\" content=\"Accessibility Statement &nbsp; El organismo Bryanda Viridiana Martinez Levario, with NIF: 15487225Z has committed to making the https:\/\/itsenglishwithbree.com\/ website accessible in accordance with Royal Decree 1112\/2018, of 7 September, on the accessibility of websites and applications for mobile devices in the public sector. La presente declaraci\u00f3n de accesibilidad se aplica al sitio web\u00a0 https:\/\/itsenglishwithbree.com\/\u00a0. Este sitio web es plenamente conforme con RD 1112\/2018. La presente declaraci\u00f3n fue preparada el 11 de Julio de 2024. El m\u00e9todo empleado para preparar la declaraci\u00f3n ha sido una autoevaluaci\u00f3n llevada a cabo por el propio organismo. \u00daltima revisi\u00f3n de la declaraci\u00f3n: 20 de Marzo de 2025.\" \/>\n<meta property=\"og:url\" content=\"https:\/\/itsenglishwithbree.com\/en\/accessibility-statement\/\" \/>\n<meta property=\"og:site_name\" content=\"English with Bree\" \/>\n<meta property=\"article:modified_time\" content=\"2025-06-12T13:33:30+00:00\" \/>\n<meta name=\"twitter:card\" content=\"summary_large_image\" \/>\n<script type=\"application\/ld+json\" class=\"yoast-schema-graph\">{\"@context\":\"https:\/\/schema.org\",\"@graph\":[{\"@type\":\"WebPage\",\"@id\":\"https:\/\/itsenglishwithbree.com\/en\/accessibility-statement\/\",\"url\":\"https:\/\/itsenglishwithbree.com\/en\/accessibility-statement\/\",\"name\":\"Accessibility Statement | English with Bree\",\"isPartOf\":{\"@id\":\"https:\/\/itsenglishwithbree.com\/#website\"},\"datePublished\":\"2023-06-07T19:15:24+00:00\",\"dateModified\":\"2025-06-12T13:33:30+00:00\",\"breadcrumb\":{\"@id\":\"https:\/\/itsenglishwithbree.com\/en\/accessibility-statement\/#breadcrumb\"},\"inLanguage\":\"en-US\",\"potentialAction\":[{\"@type\":\"ReadAction\",\"target\":[\"https:\/\/itsenglishwithbree.com\/en\/accessibility-statement\/\"]}]},{\"@type\":\"BreadcrumbList\",\"@id\":\"https:\/\/itsenglishwithbree.com\/en\/accessibility-statement\/#breadcrumb\",\"itemListElement\":[{\"@type\":\"ListItem\",\"position\":1,\"name\":\"Inicio\",\"item\":\"https:\/\/itsenglishwithbree.com\/en\/home\/\"},{\"@type\":\"ListItem\",\"position\":2,\"name\":\"Accessibility Statement\"}]},{\"@type\":\"WebSite\",\"@id\":\"https:\/\/itsenglishwithbree.com\/#website\",\"url\":\"https:\/\/itsenglishwithbree.com\/\",\"name\":\"English With Bree\",\"description\":\"\",\"publisher\":{\"@id\":\"https:\/\/itsenglishwithbree.com\/#organization\"},\"potentialAction\":[{\"@type\":\"SearchAction\",\"target\":{\"@type\":\"EntryPoint\",\"urlTemplate\":\"https:\/\/itsenglishwithbree.com\/?s={search_term_string}\"},\"query-input\":{\"@type\":\"PropertyValueSpecification\",\"valueRequired\":true,\"valueName\":\"search_term_string\"}}],\"inLanguage\":\"en-US\"},{\"@type\":\"Organization\",\"@id\":\"https:\/\/itsenglishwithbree.com\/#organization\",\"name\":\"Start 3\",\"url\":\"https:\/\/itsenglishwithbree.com\/\",\"logo\":{\"@type\":\"ImageObject\",\"inLanguage\":\"en-US\",\"@id\":\"https:\/\/itsenglishwithbree.com\/#\/schema\/logo\/image\/\",\"url\":\"https:\/\/itsenglishwithbree.com\/wp-content\/uploads\/2025\/01\/bree-logo.png\",\"contentUrl\":\"https:\/\/itsenglishwithbree.com\/wp-content\/uploads\/2025\/01\/bree-logo.png\",\"width\":1062,\"height\":649,\"caption\":\"Start 3\"},\"image\":{\"@id\":\"https:\/\/itsenglishwithbree.com\/#\/schema\/logo\/image\/\"}}]}<\/script>\n<!-- \/ Yoast SEO plugin. -->","yoast_head_json":{"title":"Accessibility Statement | English with Bree","robots":{"index":"index","follow":"follow","max-snippet":"max-snippet:-1","max-image-preview":"max-image-preview:large","max-video-preview":"max-video-preview:-1"},"canonical":"https:\/\/itsenglishwithbree.com\/en\/accessibility-statement\/","og_locale":"en_US","og_type":"article","og_title":"Accessibility Statement | English with Bree","og_description":"Accessibility Statement &nbsp; El organismo Bryanda Viridiana Martinez Levario, with NIF: 15487225Z has committed to making the https:\/\/itsenglishwithbree.com\/ website accessible in accordance with Royal Decree 1112\/2018, of 7 September, on the accessibility of websites and applications for mobile devices in the public sector. La presente declaraci\u00f3n de accesibilidad se aplica al sitio web\u00a0 https:\/\/itsenglishwithbree.com\/\u00a0. Este sitio web es plenamente conforme con RD 1112\/2018. La presente declaraci\u00f3n fue preparada el 11 de Julio de 2024. El m\u00e9todo empleado para preparar la declaraci\u00f3n ha sido una autoevaluaci\u00f3n llevada a cabo por el propio organismo. \u00daltima revisi\u00f3n de la declaraci\u00f3n: 20 de Marzo de 2025.","og_url":"https:\/\/itsenglishwithbree.com\/en\/accessibility-statement\/","og_site_name":"English with Bree","article_modified_time":"2025-06-12T13:33:30+00:00","twitter_card":"summary_large_image","schema":{"@context":"https:\/\/schema.org","@graph":[{"@type":"WebPage","@id":"https:\/\/itsenglishwithbree.com\/en\/accessibility-statement\/","url":"https:\/\/itsenglishwithbree.com\/en\/accessibility-statement\/","name":"Accessibility Statement | English with Bree","isPartOf":{"@id":"https:\/\/itsenglishwithbree.com\/#website"},"datePublished":"2023-06-07T19:15:24+00:00","dateModified":"2025-06-12T13:33:30+00:00","breadcrumb":{"@id":"https:\/\/itsenglishwithbree.com\/en\/accessibility-statement\/#breadcrumb"},"inLanguage":"en-US","potentialAction":[{"@type":"ReadAction","target":["https:\/\/itsenglishwithbree.com\/en\/accessibility-statement\/"]}]},{"@type":"BreadcrumbList","@id":"https:\/\/itsenglishwithbree.com\/en\/accessibility-statement\/#breadcrumb","itemListElement":[{"@type":"ListItem","position":1,"name":"Inicio","item":"https:\/\/itsenglishwithbree.com\/en\/home\/"},{"@type":"ListItem","position":2,"name":"Accessibility Statement"}]},{"@type":"WebSite","@id":"https:\/\/itsenglishwithbree.com\/#website","url":"https:\/\/itsenglishwithbree.com\/","name":"English With Bree","description":"","publisher":{"@id":"https:\/\/itsenglishwithbree.com\/#organization"},"potentialAction":[{"@type":"SearchAction","target":{"@type":"EntryPoint","urlTemplate":"https:\/\/itsenglishwithbree.com\/?s={search_term_string}"},"query-input":{"@type":"PropertyValueSpecification","valueRequired":true,"valueName":"search_term_string"}}],"inLanguage":"en-US"},{"@type":"Organization","@id":"https:\/\/itsenglishwithbree.com\/#organization","name":"Start 3","url":"https:\/\/itsenglishwithbree.com\/","logo":{"@type":"ImageObject","inLanguage":"en-US","@id":"https:\/\/itsenglishwithbree.com\/#\/schema\/logo\/image\/","url":"https:\/\/itsenglishwithbree.com\/wp-content\/uploads\/2025\/01\/bree-logo.png","contentUrl":"https:\/\/itsenglishwithbree.com\/wp-content\/uploads\/2025\/01\/bree-logo.png","width":1062,"height":649,"caption":"Start 3"},"image":{"@id":"https:\/\/itsenglishwithbree.com\/#\/schema\/logo\/image\/"}}]}},"_links":{"self":[{"href":"https:\/\/itsenglishwithbree.com\/en\/wp-json\/wp\/v2\/pages\/2193","targetHints":{"allow":["GET"]}}],"collection":[{"href":"https:\/\/itsenglishwithbree.com\/en\/wp-json\/wp\/v2\/pages"}],"about":[{"href":"https:\/\/itsenglishwithbree.com\/en\/wp-json\/wp\/v2\/types\/page"}],"author":[{"embeddable":true,"href":"https:\/\/itsenglishwithbree.com\/en\/wp-json\/wp\/v2\/users\/2"}],"replies":[{"embeddable":true,"href":"https:\/\/itsenglishwithbree.com\/en\/wp-json\/wp\/v2\/comments?post=2193"}],"version-history":[{"count":1,"href":"https:\/\/itsenglishwithbree.com\/en\/wp-json\/wp\/v2\/pages\/2193\/revisions"}],"predecessor-version":[{"id":2194,"href":"https:\/\/itsenglishwithbree.com\/en\/wp-json\/wp\/v2\/pages\/2193\/revisions\/2194"}],"wp:attachment":[{"href":"https:\/\/itsenglishwithbree.com\/en\/wp-json\/wp\/v2\/media?parent=2193"}],"curies":[{"name":"wp","href":"https:\/\/api.w.org\/{rel}","templated":true}]}}